{"id":15,"date":"2025-02-18T08:52:09","date_gmt":"2025-02-18T08:52:09","guid":{"rendered":"https:\/\/eglantine-olivier.ipac-angers.yt\/?page_id=15"},"modified":"2025-05-27T13:02:49","modified_gmt":"2025-05-27T13:02:49","slug":"presentation","status":"publish","type":"page","link":"https:\/\/eglantine-olivier.ipac-angers.yt\/index.php\/presentation\/","title":{"rendered":"Pr\u00e9sentation"},"content":{"rendered":"\t\t<div data-elementor-type=\"wp-page\" data-elementor-id=\"15\" class=\"elementor elementor-15\" data-elementor-settings=\"{&quot;ha_cmc_init_switcher&quot;:&quot;no&quot;}\">\n\t\t\t\t<div class=\"elementor-element elementor-element-bf0f339 e-flex e-con-boxed wpr-particle-no wpr-jarallax-no wpr-parallax-no wpr-sticky-section-no e-con e-parent\" data-id=\"bf0f339\" data-element_type=\"container\" data-settings=\"{&quot;background_background&quot;:&quot;classic&quot;,&quot;_ha_eqh_enable&quot;:false}\">\n\t\t\t\t\t<div class=\"e-con-inner\">\n\t\t\t\t<div class=\"elementor-element elementor-element-ba5b0d7 elementor-widget elementor-widget-spacer\" data-id=\"ba5b0d7\" data-element_type=\"widget\" data-widget_type=\"spacer.default\">\n\t\t\t\t<div class=\"elementor-widget-container\">\n\t\t\t\t\t\t\t<div class=\"elementor-spacer\">\n\t\t\t<div class=\"elementor-spacer-inner\"><\/div>\n\t\t<\/div>\n\t\t\t\t\t\t<\/div>\n\t\t\t\t<\/div>\n\t\t\t\t\t<\/div>\n\t\t\t\t<\/div>\n\t\t<div class=\"elementor-element elementor-element-4c9deaa e-flex e-con-boxed wpr-particle-no wpr-jarallax-no wpr-parallax-no wpr-sticky-section-no e-con e-parent\" data-id=\"4c9deaa\" data-element_type=\"container\" data-settings=\"{&quot;background_background&quot;:&quot;classic&quot;,&quot;_ha_eqh_enable&quot;:false}\">\n\t\t\t\t\t<div class=\"e-con-inner\">\n\t\t\t\t<div class=\"elementor-element elementor-element-a10a246 elementor-widget elementor-widget-heading\" data-id=\"a10a246\" data-element_type=\"widget\" data-widget_type=\"heading.default\">\n\t\t\t\t<div class=\"elementor-widget-container\">\n\t\t\t\t\t<h2 class=\"elementor-heading-title elementor-size-default\">Une \u00e9quipe passionn\u00e9e, une vision partag\u00e9e<\/h2>\t\t\t\t<\/div>\n\t\t\t\t<\/div>\n\t\t\t\t<div class=\"elementor-element elementor-element-68a0619 elementor-widget elementor-widget-text-editor\" data-id=\"68a0619\" data-element_type=\"widget\" data-widget_type=\"text-editor.default\">\n\t\t\t\t<div class=\"elementor-widget-container\">\n\t\t\t\t\t\t\t\t\t<p>Chez <strong data-start=\"59\" data-end=\"74\">Pure Studio<\/strong>, nous sommes avant tout des passionn\u00e9s de design et d\u2019harmonie. Architectes d\u2019int\u00e9rieur, designers et experts en am\u00e9nagement, nous mettons notre cr\u00e9ativit\u00e9 et notre savoir-faire au service d\u2019espaces qui respirent la simplicit\u00e9 et l\u2019\u00e9l\u00e9gance. Chaque projet est une collaboration, une rencontre entre votre vision et notre expertise, pour donner naissance \u00e0 des int\u00e9rieurs \u00e9pur\u00e9s, chaleureux et intemporels. Ensemble, nous fa\u00e7onnons des lieux o\u00f9 chaque d\u00e9tail a du sens, o\u00f9 chaque mati\u00e8re raconte une histoire.<\/p>\t\t\t\t\t\t\t\t<\/div>\n\t\t\t\t<\/div>\n\t\t\t\t<div class=\"elementor-element elementor-element-8a6a617 elementor-widget elementor-widget-spacer\" data-id=\"8a6a617\" data-element_type=\"widget\" data-widget_type=\"spacer.default\">\n\t\t\t\t<div class=\"elementor-widget-container\">\n\t\t\t\t\t\t\t<div class=\"elementor-spacer\">\n\t\t\t<div class=\"elementor-spacer-inner\"><\/div>\n\t\t<\/div>\n\t\t\t\t\t\t<\/div>\n\t\t\t\t<\/div>\n\t\t\t\t\t<\/div>\n\t\t\t\t<\/div>\n\t\t<div class=\"elementor-element elementor-element-cec5cf8 e-flex e-con-boxed wpr-particle-no wpr-jarallax-no wpr-parallax-no wpr-sticky-section-no e-con e-parent\" data-id=\"cec5cf8\" data-element_type=\"container\" data-settings=\"{&quot;background_background&quot;:&quot;classic&quot;,&quot;_ha_eqh_enable&quot;:false}\">\n\t\t\t\t\t<div class=\"e-con-inner\">\n\t\t<div class=\"elementor-element elementor-element-01eec2c e-con-full e-flex wpr-particle-no wpr-jarallax-no wpr-parallax-no wpr-sticky-section-no e-con e-child\" data-id=\"01eec2c\" data-element_type=\"container\" data-settings=\"{&quot;_ha_eqh_enable&quot;:false}\">\n\t\t\t\t<div class=\"elementor-element elementor-element-5c0c476 elementor-widget elementor-widget-image\" data-id=\"5c0c476\" data-element_type=\"widget\" data-widget_type=\"image.default\">\n\t\t\t\t<div class=\"elementor-widget-container\">\n\t\t\t\t\t\t\t\t\t\t\t\t\t\t\t<img alt=\"\" fetchpriority=\"high\" decoding=\"async\" width=\"580\" height=\"326\" src=\"https:\/\/eglantine-olivier.ipac-angers.yt\/wp-content\/uploads\/2025\/05\/image-equipe-edition-prod-1024x576.png\" class=\"attachment-large size-large wp-image-294\" alt=\"\" srcset=\"https:\/\/eglantine-olivier.ipac-angers.yt\/wp-content\/uploads\/2025\/05\/image-equipe-edition-prod-1024x576.png 1024w, https:\/\/eglantine-olivier.ipac-angers.yt\/wp-content\/uploads\/2025\/05\/image-equipe-edition-prod-300x169.png 300w, https:\/\/eglantine-olivier.ipac-angers.yt\/wp-content\/uploads\/2025\/05\/image-equipe-edition-prod-768x432.png 768w, https:\/\/eglantine-olivier.ipac-angers.yt\/wp-content\/uploads\/2025\/05\/image-equipe-edition-prod-1536x864.png 1536w, https:\/\/eglantine-olivier.ipac-angers.yt\/wp-content\/uploads\/2025\/05\/image-equipe-edition-prod-1200x675.png 1200w, https:\/\/eglantine-olivier.ipac-angers.yt\/wp-content\/uploads\/2025\/05\/image-equipe-edition-prod.png 1920w\" sizes=\"(max-width: 580px) 100vw, 580px\" \/>\t\t\t\t\t\t\t\t\t\t\t\t\t\t\t<\/div>\n\t\t\t\t<\/div>\n\t\t\t\t<div class=\"elementor-element elementor-element-72aa3e1 elementor-widget elementor-widget-heading\" data-id=\"72aa3e1\" data-element_type=\"widget\" data-widget_type=\"heading.default\">\n\t\t\t\t<div class=\"elementor-widget-container\">\n\t\t\t\t\t<h2 class=\"elementor-heading-title elementor-size-default\">Eglantine<\/h2>\t\t\t\t<\/div>\n\t\t\t\t<\/div>\n\t\t\t\t<\/div>\n\t\t<div class=\"elementor-element elementor-element-f06a3ac e-con-full e-flex wpr-particle-no wpr-jarallax-no wpr-parallax-no wpr-sticky-section-no e-con e-child\" data-id=\"f06a3ac\" data-element_type=\"container\" data-settings=\"{&quot;_ha_eqh_enable&quot;:false}\">\n\t\t\t\t<div class=\"elementor-element elementor-element-0eeed8a elementor-widget elementor-widget-image\" data-id=\"0eeed8a\" data-element_type=\"widget\" data-widget_type=\"image.default\">\n\t\t\t\t<div class=\"elementor-widget-container\">\n\t\t\t\t\t\t\t\t\t\t\t\t\t\t\t<img alt=\"\" decoding=\"async\" width=\"580\" height=\"326\" src=\"https:\/\/eglantine-olivier.ipac-angers.yt\/wp-content\/uploads\/2025\/03\/2-1024x576.png\" class=\"attachment-large size-large wp-image-119\" alt=\"\" srcset=\"https:\/\/eglantine-olivier.ipac-angers.yt\/wp-content\/uploads\/2025\/03\/2-1024x576.png 1024w, https:\/\/eglantine-olivier.ipac-angers.yt\/wp-content\/uploads\/2025\/03\/2-300x169.png 300w, https:\/\/eglantine-olivier.ipac-angers.yt\/wp-content\/uploads\/2025\/03\/2-768x432.png 768w, https:\/\/eglantine-olivier.ipac-angers.yt\/wp-content\/uploads\/2025\/03\/2-1536x864.png 1536w, https:\/\/eglantine-olivier.ipac-angers.yt\/wp-content\/uploads\/2025\/03\/2-1200x675.png 1200w, https:\/\/eglantine-olivier.ipac-angers.yt\/wp-content\/uploads\/2025\/03\/2.png 1920w\" sizes=\"(max-width: 580px) 100vw, 580px\" \/>\t\t\t\t\t\t\t\t\t\t\t\t\t\t\t<\/div>\n\t\t\t\t<\/div>\n\t\t\t\t<div class=\"elementor-element elementor-element-82fcc8d elementor-widget elementor-widget-heading\" data-id=\"82fcc8d\" data-element_type=\"widget\" data-widget_type=\"heading.default\">\n\t\t\t\t<div class=\"elementor-widget-container\">\n\t\t\t\t\t<h2 class=\"elementor-heading-title elementor-size-default\">Beno\u00eet<\/h2>\t\t\t\t<\/div>\n\t\t\t\t<\/div>\n\t\t\t\t<\/div>\n\t\t<div class=\"elementor-element elementor-element-c3c957c e-con-full e-flex wpr-particle-no wpr-jarallax-no wpr-parallax-no wpr-sticky-section-no e-con e-child\" data-id=\"c3c957c\" data-element_type=\"container\" data-settings=\"{&quot;_ha_eqh_enable&quot;:false}\">\n\t\t\t\t<div class=\"elementor-element elementor-element-7d2adfb elementor-widget elementor-widget-image\" data-id=\"7d2adfb\" data-element_type=\"widget\" data-widget_type=\"image.default\">\n\t\t\t\t<div class=\"elementor-widget-container\">\n\t\t\t\t\t\t\t\t\t\t\t\t\t\t\t<img alt=\"\" decoding=\"async\" width=\"1920\" height=\"1080\" src=\"https:\/\/eglantine-olivier.ipac-angers.yt\/wp-content\/uploads\/2025\/03\/1-1.png\" class=\"attachment-2048x2048 size-2048x2048 wp-image-118\" alt=\"\" srcset=\"https:\/\/eglantine-olivier.ipac-angers.yt\/wp-content\/uploads\/2025\/03\/1-1.png 1920w, https:\/\/eglantine-olivier.ipac-angers.yt\/wp-content\/uploads\/2025\/03\/1-1-300x169.png 300w, https:\/\/eglantine-olivier.ipac-angers.yt\/wp-content\/uploads\/2025\/03\/1-1-1024x576.png 1024w, https:\/\/eglantine-olivier.ipac-angers.yt\/wp-content\/uploads\/2025\/03\/1-1-768x432.png 768w, https:\/\/eglantine-olivier.ipac-angers.yt\/wp-content\/uploads\/2025\/03\/1-1-1536x864.png 1536w, https:\/\/eglantine-olivier.ipac-angers.yt\/wp-content\/uploads\/2025\/03\/1-1-1200x675.png 1200w\" sizes=\"(max-width: 1920px) 100vw, 1920px\" \/>\t\t\t\t\t\t\t\t\t\t\t\t\t\t\t<\/div>\n\t\t\t\t<\/div>\n\t\t\t\t<div class=\"elementor-element elementor-element-f6394df elementor-widget elementor-widget-heading\" data-id=\"f6394df\" data-element_type=\"widget\" data-widget_type=\"heading.default\">\n\t\t\t\t<div class=\"elementor-widget-container\">\n\t\t\t\t\t<h2 class=\"elementor-heading-title elementor-size-default\">Johanna <\/h2>\t\t\t\t<\/div>\n\t\t\t\t<\/div>\n\t\t\t\t<\/div>\n\t\t\t\t\t<\/div>\n\t\t\t\t<\/div>\n\t\t<div class=\"elementor-element elementor-element-5bbcfcd e-flex e-con-boxed wpr-particle-no wpr-jarallax-no wpr-parallax-no wpr-sticky-section-no e-con e-parent\" data-id=\"5bbcfcd\" data-element_type=\"container\" data-settings=\"{&quot;background_background&quot;:&quot;classic&quot;,&quot;_ha_eqh_enable&quot;:false}\">\n\t\t\t\t\t<div class=\"e-con-inner\">\n\t\t\t\t<div class=\"elementor-element elementor-element-a7608a6 elementor-widget elementor-widget-spacer\" data-id=\"a7608a6\" data-element_type=\"widget\" data-widget_type=\"spacer.default\">\n\t\t\t\t<div class=\"elementor-widget-container\">\n\t\t\t\t\t\t\t<div class=\"elementor-spacer\">\n\t\t\t<div class=\"elementor-spacer-inner\"><\/div>\n\t\t<\/div>\n\t\t\t\t\t\t<\/div>\n\t\t\t\t<\/div>\n\t\t\t\t<div class=\"elementor-element elementor-element-74ce891 elementor-widget elementor-widget-heading\" data-id=\"74ce891\" data-element_type=\"widget\" data-widget_type=\"heading.default\">\n\t\t\t\t<div class=\"elementor-widget-container\">\n\t\t\t\t\t<h2 class=\"elementor-heading-title elementor-size-default\">Notre approche<\/h2>\t\t\t\t<\/div>\n\t\t\t\t<\/div>\n\t\t\t\t<div class=\"elementor-element elementor-element-3f25656 elementor-widget elementor-widget-text-editor\" data-id=\"3f25656\" data-element_type=\"widget\" data-widget_type=\"text-editor.default\">\n\t\t\t\t<div class=\"elementor-widget-container\">\n\t\t\t\t\t\t\t\t\t<p data-start=\"392\" data-end=\"679\">Chaque projet est une <strong data-start=\"438\" data-end=\"457\">histoire unique<\/strong>, fa\u00e7onn\u00e9e selon vos envies, votre mode de vie et votre identit\u00e9. De la conception \u00e0 la r\u00e9alisation, nous vous accompagnons avec expertise et passion pour transformer vos int\u00e9rieurs en v\u00e9ritables lieux de vie inspirants.<\/p><p data-start=\"681\" data-end=\"702\"><strong data-start=\"684\" data-end=\"700\">Nos services<\/strong><\/p><ul data-start=\"703\" data-end=\"939\"><li data-start=\"703\" data-end=\"743\">Conseil en d\u00e9coration et am\u00e9nagement<\/li><li data-start=\"744\" data-end=\"821\">Accompagnement sur-mesure pour vos projets r\u00e9sidentiels et professionnels<\/li><li data-start=\"822\" data-end=\"871\">S\u00e9lection de mat\u00e9riaux, mobiliers et couleurs<\/li><li data-start=\"872\" data-end=\"939\">Suivi de projet et mise en relation avec des artisans qualifi\u00e9s<\/li><\/ul><p data-start=\"941\" data-end=\"1078\">Chez <strong data-start=\"946\" data-end=\"961\">Pure Studio<\/strong>, nous cr\u00e9ons bien plus que des espaces, nous fa\u00e7onnons des univers o\u00f9 l\u2019<strong data-start=\"1034\" data-end=\"1058\">\u00e9motion et le design<\/strong> se rencontrent.\u00a0<\/p><p data-start=\"1080\" data-end=\"1136\"><strong data-start=\"1083\" data-end=\"1134\">Contactez-nous pour donner vie \u00e0 votre projet\u00a0<\/strong><\/p>\t\t\t\t\t\t\t\t<\/div>\n\t\t\t\t<\/div>\n\t\t\t\t<div class=\"elementor-element elementor-element-f8497c6 elementor-widget elementor-widget-spacer\" data-id=\"f8497c6\" data-element_type=\"widget\" data-widget_type=\"spacer.default\">\n\t\t\t\t<div class=\"elementor-widget-container\">\n\t\t\t\t\t\t\t<div class=\"elementor-spacer\">\n\t\t\t<div class=\"elementor-spacer-inner\"><\/div>\n\t\t<\/div>\n\t\t\t\t\t\t<\/div>\n\t\t\t\t<\/div>\n\t\t\t\t\t<\/div>\n\t\t\t\t<\/div>\n\t\t\t\t<\/div>\n\t\t","protected":false},"excerpt":{"rendered":"<p>Une \u00e9quipe passionn\u00e9e, une vision partag\u00e9e Chez Pure Studio, nous sommes avant tout des passionn\u00e9s de design et d\u2019harmonie. Architectes d\u2019int\u00e9rieur, designers et experts en am\u00e9nagement, nous mettons notre cr\u00e9ativit\u00e9 et notre savoir-faire au service d\u2019espaces qui respirent la simplicit\u00e9 et l\u2019\u00e9l\u00e9gance. Chaque projet est une collaboration, une rencontre entre votre vision et notre expertise, pour donner naissance \u00e0 des int\u00e9rieurs \u00e9pur\u00e9s, chaleureux et intemporels. Ensemble, nous fa\u00e7onnons des lieux o\u00f9 chaque d\u00e9tail a du sens, o\u00f9 chaque mati\u00e8re raconte une histoire. Eglantine Beno\u00eet Johanna Notre approche Chaque projet est une histoire unique, fa\u00e7onn\u00e9e selon vos envies, votre mode de vie et votre identit\u00e9. De la conception \u00e0 la r\u00e9alisation, nous vous accompagnons avec expertise et passion pour transformer vos int\u00e9rieurs en v\u00e9ritables lieux de vie inspirants. Nos services Conseil en d\u00e9coration et am\u00e9nagement Accompagnement sur-mesure pour vos projets r\u00e9sidentiels et professionnels S\u00e9lection de mat\u00e9riaux, mobiliers et couleurs Suivi de projet et mise en relation avec des artisans qualifi\u00e9s Chez Pure Studio, nous cr\u00e9ons bien plus que des espaces, nous fa\u00e7onnons des univers o\u00f9 l\u2019\u00e9motion et le design se rencontrent.\u00a0 Contactez-nous pour donner vie \u00e0 votre projet\u00a0<\/p>\n","protected":false},"author":1,"featured_media":0,"parent":0,"menu_order":0,"comment_status":"closed","ping_status":"closed","template":"elementor_canvas","meta":{"_seopress_robots_primary_cat":"","_seopress_titles_title":"","_seopress_titles_desc":"","_seopress_robots_index":"","footnotes":""},"class_list":["post-15","page","type-page","status-publish","hentry"],"_links":{"self":[{"href":"https:\/\/eglantine-olivier.ipac-angers.yt\/index.php\/wp-json\/wp\/v2\/pages\/15","targetHints":{"allow":["GET"]}}],"collection":[{"href":"https:\/\/eglantine-olivier.ipac-angers.yt\/index.php\/wp-json\/wp\/v2\/pages"}],"about":[{"href":"https:\/\/eglantine-olivier.ipac-angers.yt\/index.php\/wp-json\/wp\/v2\/types\/page"}],"author":[{"embeddable":true,"href":"https:\/\/eglantine-olivier.ipac-angers.yt\/index.php\/wp-json\/wp\/v2\/users\/1"}],"replies":[{"embeddable":true,"href":"https:\/\/eglantine-olivier.ipac-angers.yt\/index.php\/wp-json\/wp\/v2\/comments?post=15"}],"version-history":[{"count":25,"href":"https:\/\/eglantine-olivier.ipac-angers.yt\/index.php\/wp-json\/wp\/v2\/pages\/15\/revisions"}],"predecessor-version":[{"id":310,"href":"https:\/\/eglantine-olivier.ipac-angers.yt\/index.php\/wp-json\/wp\/v2\/pages\/15\/revisions\/310"}],"wp:attachment":[{"href":"https:\/\/eglantine-olivier.ipac-angers.yt\/index.php\/wp-json\/wp\/v2\/media?parent=15"}],"curies":[{"name":"wp","href":"https:\/\/api.w.org\/{rel}","templated":true}]}}