{"id":19,"date":"2025-02-18T08:51:35","date_gmt":"2025-02-18T08:51:35","guid":{"rendered":"https:\/\/eglantine-olivier.ipac-angers.yt\/?page_id=19"},"modified":"2025-05-27T13:42:56","modified_gmt":"2025-05-27T13:42:56","slug":"actualite","status":"publish","type":"page","link":"https:\/\/eglantine-olivier.ipac-angers.yt\/index.php\/actualite\/","title":{"rendered":"Actualit\u00e9"},"content":{"rendered":"\t\t<div data-elementor-type=\"wp-page\" data-elementor-id=\"19\" class=\"elementor elementor-19\" data-elementor-settings=\"{&quot;ha_cmc_init_switcher&quot;:&quot;no&quot;}\">\n\t\t\t\t<div class=\"elementor-element elementor-element-30d2327 e-con-full e-flex wpr-particle-no wpr-jarallax-no wpr-parallax-no wpr-sticky-section-no e-con e-parent\" data-id=\"30d2327\" data-element_type=\"container\" data-settings=\"{&quot;background_background&quot;:&quot;classic&quot;,&quot;_ha_eqh_enable&quot;:false}\">\n\t\t\t\t<div class=\"elementor-element elementor-element-dd73122 elementor-widget elementor-widget-spacer\" data-id=\"dd73122\" data-element_type=\"widget\" data-widget_type=\"spacer.default\">\n\t\t\t\t<div class=\"elementor-widget-container\">\n\t\t\t\t\t\t\t<div class=\"elementor-spacer\">\n\t\t\t<div class=\"elementor-spacer-inner\"><\/div>\n\t\t<\/div>\n\t\t\t\t\t\t<\/div>\n\t\t\t\t<\/div>\n\t\t\t\t<div class=\"elementor-element elementor-element-955c82e elementor-widget elementor-widget-heading\" data-id=\"955c82e\" data-element_type=\"widget\" data-widget_type=\"heading.default\">\n\t\t\t\t<div class=\"elementor-widget-container\">\n\t\t\t\t\t<h2 class=\"elementor-heading-title elementor-size-default\">D\u00e9couvrez les actualit\u00e9s et les conseils de l'agence<\/h2>\t\t\t\t<\/div>\n\t\t\t\t<\/div>\n\t\t\t\t<div class=\"elementor-element elementor-element-327bf39 elementor-widget elementor-widget-spacer\" data-id=\"327bf39\" data-element_type=\"widget\" data-widget_type=\"spacer.default\">\n\t\t\t\t<div class=\"elementor-widget-container\">\n\t\t\t\t\t\t\t<div class=\"elementor-spacer\">\n\t\t\t<div class=\"elementor-spacer-inner\"><\/div>\n\t\t<\/div>\n\t\t\t\t\t\t<\/div>\n\t\t\t\t<\/div>\n\t\t\t\t<\/div>\n\t\t<div class=\"elementor-element elementor-element-49b3c3b e-con-full e-flex wpr-particle-no wpr-jarallax-no wpr-parallax-no wpr-sticky-section-no e-con e-parent\" data-id=\"49b3c3b\" data-element_type=\"container\" data-settings=\"{&quot;background_background&quot;:&quot;classic&quot;,&quot;_ha_eqh_enable&quot;:false}\">\n\t\t<div class=\"elementor-element elementor-element-e8a0499 e-con-full e-flex wpr-particle-no wpr-jarallax-no wpr-parallax-no wpr-sticky-section-no e-con e-child\" data-id=\"e8a0499\" data-element_type=\"container\" data-settings=\"{&quot;_ha_eqh_enable&quot;:false}\">\n\t\t\t\t<div class=\"elementor-element elementor-element-c5a5530 elementor-widget elementor-widget-image\" data-id=\"c5a5530\" data-element_type=\"widget\" data-widget_type=\"image.default\">\n\t\t\t\t<div class=\"elementor-widget-container\">\n\t\t\t\t\t\t\t\t\t\t\t\t\t\t\t\t<a href=\"https:\/\/eglantine-olivier.ipac-angers.yt\/index.php\/2025\/04\/15\/optimisation-despace\/\">\n\t\t\t\t\t\t\t<img decoding=\"async\" src=\"https:\/\/eglantine-olivier.ipac-angers.yt\/wp-content\/uploads\/elementor\/thumbs\/telechargement-3-r4dvvtj0knoqwr9vglhx5os78hqtlasm8zibpz4r04.jpeg\" title=\"t\u00e9l\u00e9chargement (3)\" alt=\"t\u00e9l\u00e9chargement (3)\" loading=\"lazy\" \/>\t\t\t\t\t\t\t\t<\/a>\n\t\t\t\t\t\t\t\t\t\t\t\t\t\t\t<\/div>\n\t\t\t\t<\/div>\n\t\t\t\t<div class=\"elementor-element elementor-element-257ff75 elementor-widget elementor-widget-heading\" data-id=\"257ff75\" data-element_type=\"widget\" data-widget_type=\"heading.default\">\n\t\t\t\t<div class=\"elementor-widget-container\">\n\t\t\t\t\t<h2 class=\"elementor-heading-title elementor-size-default\"><a href=\"https:\/\/eglantine-olivier.ipac-angers.yt\/index.php\/2025\/04\/15\/optimisation-despace\/\">Optimiser les espaces<\/a><\/h2>\t\t\t\t<\/div>\n\t\t\t\t<\/div>\n\t\t\t\t<\/div>\n\t\t<div class=\"elementor-element elementor-element-510f24a e-con-full e-flex wpr-particle-no wpr-jarallax-no wpr-parallax-no wpr-sticky-section-no e-con e-child\" data-id=\"510f24a\" data-element_type=\"container\" data-settings=\"{&quot;_ha_eqh_enable&quot;:false}\">\n\t\t\t\t<div class=\"elementor-element elementor-element-9451387 elementor-widget elementor-widget-image\" data-id=\"9451387\" data-element_type=\"widget\" data-widget_type=\"image.default\">\n\t\t\t\t<div class=\"elementor-widget-container\">\n\t\t\t\t\t\t\t\t\t\t\t\t\t\t\t\t<a href=\"https:\/\/eglantine-olivier.ipac-angers.yt\/index.php\/2025\/04\/15\/le-choix-des-couleurs\/\">\n\t\t\t\t\t\t\t<img decoding=\"async\" src=\"https:\/\/eglantine-olivier.ipac-angers.yt\/wp-content\/uploads\/elementor\/thumbs\/Tendance-_-38-idees-pour-une-deco-nature-_-Shake-My-Blog-r4e0okb8kk5skwcqr9lne3htdqb86skrbzmqsn03hw.jpeg\" title=\"Tendance _ 38 id\u00e9es pour une d\u00e9co nature _ Shake My Blog\" alt=\"Tendance _ 38 id\u00e9es pour une d\u00e9co nature _ Shake My Blog\" loading=\"lazy\" \/>\t\t\t\t\t\t\t\t<\/a>\n\t\t\t\t\t\t\t\t\t\t\t\t\t\t\t<\/div>\n\t\t\t\t<\/div>\n\t\t\t\t<div class=\"elementor-element elementor-element-d0dbba1 elementor-widget elementor-widget-heading\" data-id=\"d0dbba1\" data-element_type=\"widget\" data-widget_type=\"heading.default\">\n\t\t\t\t<div class=\"elementor-widget-container\">\n\t\t\t\t\t<h2 class=\"elementor-heading-title elementor-size-default\"><a href=\"https:\/\/eglantine-olivier.ipac-angers.yt\/index.php\/2025\/04\/15\/le-choix-des-couleurs\/\">Choisir les couleurs<\/a><\/h2>\t\t\t\t<\/div>\n\t\t\t\t<\/div>\n\t\t\t\t<\/div>\n\t\t<div class=\"elementor-element elementor-element-481111b e-con-full e-flex wpr-particle-no wpr-jarallax-no wpr-parallax-no wpr-sticky-section-no e-con e-child\" data-id=\"481111b\" data-element_type=\"container\" data-settings=\"{&quot;_ha_eqh_enable&quot;:false}\">\n\t\t\t\t<div class=\"elementor-element elementor-element-cfcf4be elementor-widget elementor-widget-image\" data-id=\"cfcf4be\" data-element_type=\"widget\" data-widget_type=\"image.default\">\n\t\t\t\t<div class=\"elementor-widget-container\">\n\t\t\t\t\t\t\t\t\t\t\t\t\t\t\t\t<a href=\"https:\/\/eglantine-olivier.ipac-angers.yt\/index.php\/2025\/04\/15\/tendance-2025\/\">\n\t\t\t\t\t\t\t<img decoding=\"async\" src=\"https:\/\/eglantine-olivier.ipac-angers.yt\/wp-content\/uploads\/elementor\/thumbs\/telechargement-6-r4dwwi69avwm0vzk8ycqyxituuxj01fhmk3izqqm5w.jpeg\" title=\"t\u00e9l\u00e9chargement (6)\" alt=\"t\u00e9l\u00e9chargement (6)\" loading=\"lazy\" \/>\t\t\t\t\t\t\t\t<\/a>\n\t\t\t\t\t\t\t\t\t\t\t\t\t\t\t<\/div>\n\t\t\t\t<\/div>\n\t\t\t\t<div class=\"elementor-element elementor-element-6a204f6 elementor-widget elementor-widget-heading\" data-id=\"6a204f6\" data-element_type=\"widget\" data-widget_type=\"heading.default\">\n\t\t\t\t<div class=\"elementor-widget-container\">\n\t\t\t\t\t<h2 class=\"elementor-heading-title elementor-size-default\"><a href=\"https:\/\/eglantine-olivier.ipac-angers.yt\/index.php\/2025\/04\/15\/tendance-2025\/\">Tendance 2025<\/a><\/h2>\t\t\t\t<\/div>\n\t\t\t\t<\/div>\n\t\t\t\t<\/div>\n\t\t\t\t<\/div>\n\t\t<div class=\"elementor-element elementor-element-702ebb4 e-flex e-con-boxed wpr-particle-no wpr-jarallax-no wpr-parallax-no wpr-sticky-section-no e-con e-parent\" data-id=\"702ebb4\" data-element_type=\"container\" data-settings=\"{&quot;background_background&quot;:&quot;classic&quot;,&quot;_ha_eqh_enable&quot;:false}\">\n\t\t\t\t\t<div class=\"e-con-inner\">\n\t\t\t\t<div class=\"elementor-element elementor-element-63acf76 elementor-widget elementor-widget-spacer\" data-id=\"63acf76\" data-element_type=\"widget\" data-widget_type=\"spacer.default\">\n\t\t\t\t<div class=\"elementor-widget-container\">\n\t\t\t\t\t\t\t<div class=\"elementor-spacer\">\n\t\t\t<div class=\"elementor-spacer-inner\"><\/div>\n\t\t<\/div>\n\t\t\t\t\t\t<\/div>\n\t\t\t\t<\/div>\n\t\t\t\t\t<\/div>\n\t\t\t\t<\/div>\n\t\t<div class=\"elementor-element elementor-element-1e5c8f1 e-con-full e-flex wpr-particle-no wpr-jarallax-no wpr-parallax-no wpr-sticky-section-no e-con e-parent\" data-id=\"1e5c8f1\" data-element_type=\"container\" data-settings=\"{&quot;background_background&quot;:&quot;classic&quot;,&quot;_ha_eqh_enable&quot;:false}\">\n\t\t<div class=\"elementor-element elementor-element-7308e54 e-con-full e-flex wpr-particle-no wpr-jarallax-no wpr-parallax-no wpr-sticky-section-no e-con e-child\" data-id=\"7308e54\" data-element_type=\"container\" data-settings=\"{&quot;_ha_eqh_enable&quot;:false}\">\n\t\t\t\t<div class=\"elementor-element elementor-element-f8e94d2 elementor-widget elementor-widget-image\" data-id=\"f8e94d2\" data-element_type=\"widget\" data-widget_type=\"image.default\">\n\t\t\t\t<div class=\"elementor-widget-container\">\n\t\t\t\t\t\t\t\t\t\t\t\t\t\t\t\t<a href=\"https:\/\/eglantine-olivier.ipac-angers.yt\/index.php\/2025\/04\/30\/5-idees-pour-egailler-votre-interieur\/\">\n\t\t\t\t\t\t\t<img decoding=\"async\" src=\"https:\/\/eglantine-olivier.ipac-angers.yt\/wp-content\/uploads\/elementor\/thumbs\/salle-a-manger-chaleureuse-r53yfm7evsmte8m4gk3c6geijpzv5w06z1w53tmnck.jpg\" title=\"salle \u00e0 manger chaleureuse\" alt=\"salle \u00e0 manger chaleureuse\" loading=\"lazy\" \/>\t\t\t\t\t\t\t\t<\/a>\n\t\t\t\t\t\t\t\t\t\t\t\t\t\t\t<\/div>\n\t\t\t\t<\/div>\n\t\t\t\t<div class=\"elementor-element elementor-element-f6d6cd4 elementor-widget elementor-widget-heading\" data-id=\"f6d6cd4\" data-element_type=\"widget\" data-widget_type=\"heading.default\">\n\t\t\t\t<div class=\"elementor-widget-container\">\n\t\t\t\t\t<h2 class=\"elementor-heading-title elementor-size-default\"><a href=\"https:\/\/eglantine-olivier.ipac-angers.yt\/index.php\/2025\/04\/30\/5-idees-pour-egailler-votre-interieur\/\">5 id\u00e9es pour \u00e9gailler votre int\u00e9rieur<\/a><\/h2>\t\t\t\t<\/div>\n\t\t\t\t<\/div>\n\t\t\t\t<\/div>\n\t\t<div class=\"elementor-element elementor-element-ec98f1c e-con-full e-flex wpr-particle-no wpr-jarallax-no wpr-parallax-no wpr-sticky-section-no e-con e-child\" data-id=\"ec98f1c\" data-element_type=\"container\" data-settings=\"{&quot;_ha_eqh_enable&quot;:false}\">\n\t\t\t\t<div class=\"elementor-element elementor-element-38acd74 elementor-widget elementor-widget-image\" data-id=\"38acd74\" data-element_type=\"widget\" data-widget_type=\"image.default\">\n\t\t\t\t<div class=\"elementor-widget-container\">\n\t\t\t\t\t\t\t\t\t\t\t\t\t\t\t\t<a href=\"https:\/\/eglantine-olivier.ipac-angers.yt\/index.php\/2025\/04\/30\/des-personnalites-qui-inspirent\/\">\n\t\t\t\t\t\t\t<img decoding=\"async\" src=\"https:\/\/eglantine-olivier.ipac-angers.yt\/wp-content\/uploads\/elementor\/thumbs\/Pascale-Mussard-r5407j8bm84qvnrr86q1qbqwqyyekxr3rewrx6uw8k.png\" title=\"Pascale Mussard\" alt=\"Pascale Mussard\" loading=\"lazy\" \/>\t\t\t\t\t\t\t\t<\/a>\n\t\t\t\t\t\t\t\t\t\t\t\t\t\t\t<\/div>\n\t\t\t\t<\/div>\n\t\t\t\t<div class=\"elementor-element elementor-element-e601150 elementor-widget elementor-widget-heading\" data-id=\"e601150\" data-element_type=\"widget\" data-widget_type=\"heading.default\">\n\t\t\t\t<div class=\"elementor-widget-container\">\n\t\t\t\t\t<h2 class=\"elementor-heading-title elementor-size-default\"><a href=\"https:\/\/eglantine-olivier.ipac-angers.yt\/index.php\/2025\/04\/30\/des-personnalites-qui-inspirent\/\">Des personnalit\u00e9s qui inspirent<\/a><\/h2>\t\t\t\t<\/div>\n\t\t\t\t<\/div>\n\t\t\t\t<\/div>\n\t\t<div class=\"elementor-element elementor-element-73487d1 e-con-full e-flex wpr-particle-no wpr-jarallax-no wpr-parallax-no wpr-sticky-section-no e-con e-child\" data-id=\"73487d1\" data-element_type=\"container\" data-settings=\"{&quot;_ha_eqh_enable&quot;:false}\">\n\t\t\t\t<div class=\"elementor-element elementor-element-7bbdfae elementor-widget elementor-widget-image\" data-id=\"7bbdfae\" data-element_type=\"widget\" data-widget_type=\"image.default\">\n\t\t\t\t<div class=\"elementor-widget-container\">\n\t\t\t\t\t\t\t\t\t\t\t\t\t\t\t\t<a href=\"https:\/\/eglantine-olivier.ipac-angers.yt\/index.php\/2025\/04\/30\/quelle-table-basse-choisir-selon-la-taille-et-le-style-de-votre-salon\/\">\n\t\t\t\t\t\t\t<img decoding=\"async\" src=\"https:\/\/eglantine-olivier.ipac-angers.yt\/wp-content\/uploads\/elementor\/thumbs\/scandinave-r543rrdpxlnwonijh42vdgvm28xzmhswe2qbr2qhf8.jpg\" title=\"scandinave\" alt=\"scandinave\" loading=\"lazy\" \/>\t\t\t\t\t\t\t\t<\/a>\n\t\t\t\t\t\t\t\t\t\t\t\t\t\t\t<\/div>\n\t\t\t\t<\/div>\n\t\t\t\t<div class=\"elementor-element elementor-element-05a5842 elementor-widget elementor-widget-heading\" data-id=\"05a5842\" data-element_type=\"widget\" data-widget_type=\"heading.default\">\n\t\t\t\t<div class=\"elementor-widget-container\">\n\t\t\t\t\t<h2 class=\"elementor-heading-title elementor-size-default\"><a href=\"https:\/\/eglantine-olivier.ipac-angers.yt\/index.php\/2025\/04\/30\/quelle-table-basse-choisir-selon-la-taille-et-le-style-de-votre-salon\/\">Quelle table basse choisir pour son int\u00e9rieur ?<\/a><\/h2>\t\t\t\t<\/div>\n\t\t\t\t<\/div>\n\t\t\t\t<\/div>\n\t\t\t\t<\/div>\n\t\t<div class=\"elementor-element elementor-element-87d25a7 e-flex e-con-boxed wpr-particle-no wpr-jarallax-no wpr-parallax-no wpr-sticky-section-no e-con e-parent\" data-id=\"87d25a7\" data-element_type=\"container\" data-settings=\"{&quot;background_background&quot;:&quot;classic&quot;,&quot;_ha_eqh_enable&quot;:false}\">\n\t\t\t\t\t<div class=\"e-con-inner\">\n\t\t\t\t<div class=\"elementor-element elementor-element-87a0fc1 elementor-widget elementor-widget-spacer\" data-id=\"87a0fc1\" data-element_type=\"widget\" data-widget_type=\"spacer.default\">\n\t\t\t\t<div class=\"elementor-widget-container\">\n\t\t\t\t\t\t\t<div class=\"elementor-spacer\">\n\t\t\t<div class=\"elementor-spacer-inner\"><\/div>\n\t\t<\/div>\n\t\t\t\t\t\t<\/div>\n\t\t\t\t<\/div>\n\t\t\t\t\t<\/div>\n\t\t\t\t<\/div>\n\t\t\t\t<\/div>\n\t\t","protected":false},"excerpt":{"rendered":"<p>D\u00e9couvrez les actualit\u00e9s et les conseils de l&rsquo;agence Optimiser les espaces Choisir les couleurs Tendance 2025 5 id\u00e9es pour \u00e9gailler votre int\u00e9rieur Des personnalit\u00e9s qui inspirent Quelle table basse choisir pour son int\u00e9rieur ?<\/p>\n","protected":false},"author":1,"featured_media":0,"parent":0,"menu_order":0,"comment_status":"closed","ping_status":"closed","template":"elementor_canvas","meta":{"_seopress_robots_primary_cat":"","_seopress_titles_title":"","_seopress_titles_desc":"","_seopress_robots_index":"","footnotes":""},"class_list":["post-19","page","type-page","status-publish","hentry"],"_links":{"self":[{"href":"https:\/\/eglantine-olivier.ipac-angers.yt\/index.php\/wp-json\/wp\/v2\/pages\/19","targetHints":{"allow":["GET"]}}],"collection":[{"href":"https:\/\/eglantine-olivier.ipac-angers.yt\/index.php\/wp-json\/wp\/v2\/pages"}],"about":[{"href":"https:\/\/eglantine-olivier.ipac-angers.yt\/index.php\/wp-json\/wp\/v2\/types\/page"}],"author":[{"embeddable":true,"href":"https:\/\/eglantine-olivier.ipac-angers.yt\/index.php\/wp-json\/wp\/v2\/users\/1"}],"replies":[{"embeddable":true,"href":"https:\/\/eglantine-olivier.ipac-angers.yt\/index.php\/wp-json\/wp\/v2\/comments?post=19"}],"version-history":[{"count":25,"href":"https:\/\/eglantine-olivier.ipac-angers.yt\/index.php\/wp-json\/wp\/v2\/pages\/19\/revisions"}],"predecessor-version":[{"id":328,"href":"https:\/\/eglantine-olivier.ipac-angers.yt\/index.php\/wp-json\/wp\/v2\/pages\/19\/revisions\/328"}],"wp:attachment":[{"href":"https:\/\/eglantine-olivier.ipac-angers.yt\/index.php\/wp-json\/wp\/v2\/media?parent=19"}],"curies":[{"name":"wp","href":"https:\/\/api.w.org\/{rel}","templated":true}]}}